{"id":433,"date":"2023-09-23T14:35:24","date_gmt":"2023-09-23T14:35:24","guid":{"rendered":"https:\/\/test.de-rolleman.nl\/messen-sie-den-halsumfang-ihres-hundes\/"},"modified":"2025-04-10T10:05:32","modified_gmt":"2025-04-10T10:05:32","slug":"messen-sie-den-halsumfang-ihres-hundes","status":"publish","type":"page","link":"https:\/\/test.de-rolleman.nl\/de\/messen-sie-den-halsumfang-ihres-hundes\/","title":{"rendered":"Messen Sie den Halsumfang Ihres Hundes"},"content":{"rendered":"\n  <div id=\"page-header-99783527\" class=\"page-header-wrapper\">\n  <div class=\"page-title light featured-title\">\n\n    \n    <div class=\"page-title-inner container align-center text-center flex-row-col medium-flex-wrap\" >\n              <div class=\"title-wrapper flex-col\">\n          <h1 class=\"entry-title mb-0\">\n            Messen Sie den Halsumfang Ihres Hundes          <\/h1>\n        <\/div>\n                    <div class=\"title-content flex-col\">\n              <\/div>\n    <\/div>\n\n     \n<style>\n#page-header-99783527 .page-title-inner {\n  min-height: 120px;\n}\n<\/style>\n  <\/div>\n    <\/div>\n  \n\n\t<div id=\"gap-1812293102\" class=\"gap-element clearfix\" style=\"display:block; height:auto;\">\n\t\t\n<style>\n#gap-1812293102 {\n  padding-top: 80px;\n}\n<\/style>\n\t<\/div>\n\t\n\n<div class=\"row\"  id=\"row-813314623\">\n\n\n\t<div id=\"col-1646142406\" class=\"col small-12 large-12\"  >\n\t\t\t\t<div class=\"col-inner text-center\"  >\n\t\t\t\n\t\t\t\n\n\t<div class=\"img has-hover x md-x lg-x y md-y lg-y\" id=\"image_1786817732\">\n\t\t\t\t\t\t\t\t<div class=\"img-inner dark\" >\n\t\t\t<img loading=\"lazy\" decoding=\"async\" width=\"1020\" height=\"690\" src=\"https:\/\/test.de-rolleman.nl\/wp-content\/uploads\/nekmaat_02-1-1024x693.png\" class=\"attachment-large size-large\" alt=\"\" srcset=\"https:\/\/test.de-rolleman.nl\/wp-content\/uploads\/nekmaat_02-1-1024x693.png 1024w, https:\/\/test.de-rolleman.nl\/wp-content\/uploads\/nekmaat_02-1-300x203.png 300w, https:\/\/test.de-rolleman.nl\/wp-content\/uploads\/nekmaat_02-1-768x519.png 768w, https:\/\/test.de-rolleman.nl\/wp-content\/uploads\/nekmaat_02-1-1536x1039.png 1536w, https:\/\/test.de-rolleman.nl\/wp-content\/uploads\/nekmaat_02-1-600x406.png 600w, https:\/\/test.de-rolleman.nl\/wp-content\/uploads\/nekmaat_02-1.png 1647w\" sizes=\"auto, (max-width: 1020px) 100vw, 1020px\" \/>\t\t\t\t\t\t\n\t\t\t\t\t<\/div>\n\t\t\t\t\t\t\t\t\n<style>\n#image_1786817732 {\n  width: 67%;\n}\n<\/style>\n\t<\/div>\n\t\n\n\n\t\t<\/div>\n\t\t\t\t\t<\/div>\n\n\t\n\n<\/div>\n\t<div id=\"gap-818575926\" class=\"gap-element clearfix\" style=\"display:block; height:auto;\">\n\t\t\n<style>\n#gap-818575926 {\n  padding-top: 50px;\n}\n<\/style>\n\t<\/div>\n\t\n\n<div class=\"row\"  id=\"row-1165242863\">\n\n\n\t<div id=\"col-854865330\" class=\"col small-12 large-12\"  >\n\t\t\t\t<div class=\"col-inner\"  >\n\t\t\t\n\t\t\t\n\n<h2 class=\"uppercase\">Wo soll man messen?<\/h2>\n\t<div id=\"gap-1581679955\" class=\"gap-element clearfix\" style=\"display:block; height:auto;\">\n\t\t\n<style>\n#gap-1581679955 {\n  padding-top: 30px;\n}\n<\/style>\n\t<\/div>\n\t\n\n<h5 class=\"uppercase\">A: Halsband<\/h5>\n<p>Messen Sie den Umfang auf halber H\u00f6he des Halses (Punkt A). Hier messen Sie den Halsumfang f\u00fcr traditionelle und gepolsterte Halsb\u00e4nder.<\/p>\n<h5 class=\"uppercase\">B: Halber Scheck<\/h5>\n<p>Messen Sie den Umfang an der Oberseite des Halses, unterhalb des Kopfes (Punkt B). Dies ist der d\u00fcnnste Teil des Halses. Dadurch wird verhindert, dass das dichte Halstuch \u00fcber den Kopf Ihres Hundes rutscht.<\/p>\n<p>Der Umfang eines geschlossenen Halbkaros bestimmt die Gr\u00f6\u00dfe (Ring-zu-Ring).<\/p>\n<h5 class=\"uppercase\">C: X (kein Messpunkt)<\/h5>\n<p>Messen Sie den Halsumfang nicht am unteren Ende des Halses, im Nacken. Es besteht die Gefahr, dass der Kragen oder das halbe Karo zu gro\u00df ist. Das liegt daran, dass der Hals Ihres Hundes am Punkt C relativ breit ist.<\/p>\n\n\t\t<\/div>\n\t\t\t\t\t<\/div>\n\n\t\n\n<\/div>\n\t<div id=\"gap-1217799505\" class=\"gap-element clearfix\" style=\"display:block; height:auto;\">\n\t\t\n<style>\n#gap-1217799505 {\n  padding-top: 50px;\n}\n<\/style>\n\t<\/div>\n\t\n\n<div class=\"row\"  id=\"row-353565306\">\n\n\n\t<div id=\"col-2081137208\" class=\"col small-12 large-12\"  >\n\t\t\t\t<div class=\"col-inner\"  >\n\t\t\t\n\t\t\t\n\n<h2 class=\"uppercase\">Wie kann man messen?<\/h2>\n\t<div id=\"gap-1535635252\" class=\"gap-element clearfix\" style=\"display:block; height:auto;\">\n\t\t\n<style>\n#gap-1535635252 {\n  padding-top: 30px;\n}\n<\/style>\n\t<\/div>\n\t\n\n<h5 class=\"uppercase\">Mit einem Ma\u00dfband<\/h5>\n<ol>\n<li>Messen Sie den Umfang des Halses an der richtigen Stelle (siehe Abbildung).<\/li>\n<li>Ziehen Sie das Ma\u00dfband nicht zu straff. Messen Sie immer mit zwei Fingern unter dem Ma\u00dfband.<\/li>\n<\/ol>\n<h5 class=\"uppercase\">Mit einem alten Halsband<\/h5>\n<p>Haben Sie ein gebrauchtes Halsband f\u00fcr Ihren Hund, das gut passt? Dann k\u00f6nnen Sie damit die richtige Gr\u00f6\u00dfe bestimmen.<\/p>\n\n\t\t<\/div>\n\t\t\t\t\t<\/div>\n\n\t\n\n\t<div id=\"col-1058706991\" class=\"col small-12 large-12\"  >\n\t\t\t\t<div class=\"col-inner text-center\"  >\n\t\t\t\n\t\t\t\n\n\t<div class=\"img has-hover x md-x lg-x y md-y lg-y\" id=\"image_1014639123\">\n\t\t\t\t\t\t\t\t<div class=\"img-inner dark\" >\n\t\t\t<img loading=\"lazy\" decoding=\"async\" width=\"1020\" height=\"355\" src=\"https:\/\/test.de-rolleman.nl\/wp-content\/uploads\/oude_riem_maat_meten-1-1024x356.png\" class=\"attachment-large size-large\" alt=\"\" srcset=\"https:\/\/test.de-rolleman.nl\/wp-content\/uploads\/oude_riem_maat_meten-1-1024x356.png 1024w, https:\/\/test.de-rolleman.nl\/wp-content\/uploads\/oude_riem_maat_meten-1-300x104.png 300w, https:\/\/test.de-rolleman.nl\/wp-content\/uploads\/oude_riem_maat_meten-1-768x267.png 768w, https:\/\/test.de-rolleman.nl\/wp-content\/uploads\/oude_riem_maat_meten-1-1536x534.png 1536w, https:\/\/test.de-rolleman.nl\/wp-content\/uploads\/oude_riem_maat_meten-1-2048x713.png 2048w, https:\/\/test.de-rolleman.nl\/wp-content\/uploads\/oude_riem_maat_meten-1-600x209.png 600w\" sizes=\"auto, (max-width: 1020px) 100vw, 1020px\" \/>\t\t\t\t\t\t\n\t\t\t\t\t<\/div>\n\t\t\t\t\t\t\t\t\n<style>\n#image_1014639123 {\n  width: 34%;\n}\n<\/style>\n\t<\/div>\n\t\n\n\n\t\t<\/div>\n\t\t\t\t\t<\/div>\n\n\t\n\n\t<div id=\"col-23493363\" class=\"col small-12 large-12\"  >\n\t\t\t\t<div class=\"col-inner text-left\"  >\n\t\t\t\n\t\t\t\n\n<p>Messen Sie den Abstand zwischen der Schnalle und dem Loch, das Sie verwenden (D). Dies ist die Gr\u00f6\u00dfe des Halses.<\/p>\n\t<div id=\"gap-73061530\" class=\"gap-element clearfix\" style=\"display:block; height:auto;\">\n\t\t\n<style>\n#gap-73061530 {\n  padding-top: 50px;\n}\n<\/style>\n\t<\/div>\n\t\n\n\n\n<a href=\"javascript:history.go(-1)\" title=\"Zur\u00fcck zur vorherigen Seite\">&#8220; Zur\u00fcck zur vorherigen Seite<\/a>\n\n\n\t\t<\/div>\n\t\t\t\t\t<\/div>\n\n\t\n\n<\/div>\n\n","protected":false},"excerpt":{"rendered":"","protected":false},"author":1,"featured_media":0,"parent":0,"menu_order":0,"comment_status":"closed","ping_status":"closed","template":"","meta":{"footnotes":""},"class_list":["post-433","page","type-page","status-publish","hentry"],"_links":{"self":[{"href":"https:\/\/test.de-rolleman.nl\/de\/wp-json\/wp\/v2\/pages\/433","targetHints":{"allow":["GET"]}}],"collection":[{"href":"https:\/\/test.de-rolleman.nl\/de\/wp-json\/wp\/v2\/pages"}],"about":[{"href":"https:\/\/test.de-rolleman.nl\/de\/wp-json\/wp\/v2\/types\/page"}],"author":[{"embeddable":true,"href":"https:\/\/test.de-rolleman.nl\/de\/wp-json\/wp\/v2\/users\/1"}],"replies":[{"embeddable":true,"href":"https:\/\/test.de-rolleman.nl\/de\/wp-json\/wp\/v2\/comments?post=433"}],"version-history":[{"count":1,"href":"https:\/\/test.de-rolleman.nl\/de\/wp-json\/wp\/v2\/pages\/433\/revisions"}],"predecessor-version":[{"id":434,"href":"https:\/\/test.de-rolleman.nl\/de\/wp-json\/wp\/v2\/pages\/433\/revisions\/434"}],"wp:attachment":[{"href":"https:\/\/test.de-rolleman.nl\/de\/wp-json\/wp\/v2\/media?parent=433"}],"curies":[{"name":"wp","href":"https:\/\/api.w.org\/{rel}","templated":true}]}}